{"id":1492,"date":"2023-01-20T19:20:19","date_gmt":"2023-01-20T19:20:19","guid":{"rendered":"https:\/\/maclau.pt\/?page_id=1492"},"modified":"2024-10-17T08:44:33","modified_gmt":"2024-10-17T08:44:33","slug":"main","status":"publish","type":"page","link":"https:\/\/maclau.pt\/en\/","title":{"rendered":"Main"},"content":{"rendered":"<div data-elementor-type=\"wp-page\" data-elementor-id=\"1492\" class=\"elementor elementor-1492\">\n\t\t\t\t\t\t<section class=\"elementor-section elementor-top-section elementor-element elementor-element-b52073c elementor-section-boxed elementor-section-height-default elementor-section-height-default sc_fly_static\" data-id=\"b52073c\" data-element_type=\"section\">\n\t\t\t\t\t\t<div class=\"elementor-container elementor-column-gap-extended\">\n\t\t\t\t\t<div class=\"elementor-column elementor-col-100 elementor-top-column elementor-element elementor-element-3b42d1a sc_content_align_inherit sc_layouts_column_icons_position_left sc_fly_static\" data-id=\"3b42d1a\" data-element_type=\"column\">\n\t\t\t<div class=\"elementor-widget-wrap elementor-element-populated\">\n\t\t\t\t\t\t<div class=\"elementor-element elementor-element-7467c5e sc_fly_static elementor-widget elementor-widget-trx_widget_video\" data-id=\"7467c5e\" data-element_type=\"widget\" data-widget_type=\"trx_widget_video.default\">\n\t\t\t\t<div class=\"elementor-widget-container\">\n\t\t\t<div class=\"widget_area sc_widget_video\"><aside class=\"widget widget_video\"><div id=\"sc_video_569810480\" class=\"trx_addons_video_player without_cover with_video_autoplay\"><div class=\"video_embed video_frame\"><video src=\"https:\/\/maclau.pt\/wp-content\/uploads\/2024\/10\/SPOT-MACLAU-V004.mp4\" loop=\"loop\" muted=\"muted\" autoplay=\"autoplay\" playsinline=\"playsinline\" preload=\"metadata\"><\/video><\/div><\/div><\/aside><\/div>\t\t<\/div>\n\t\t\t\t<\/div>\n\t\t\t\t<div class=\"elementor-element elementor-element-0a119a0 sc_fly_static elementor-widget elementor-widget-spacer\" data-id=\"0a119a0\" data-element_type=\"widget\" data-widget_type=\"spacer.default\">\n\t\t\t\t<div class=\"elementor-widget-container\">\n\t\t\t\t\t<div class=\"elementor-spacer\">\n\t\t\t<div class=\"elementor-spacer-inner\"><\/div>\n\t\t<\/div>\n\t\t\t\t<\/div>\n\t\t\t\t<\/div>\n\t\t\t\t\t<\/div>\n\t\t<\/div>\n\t\t\t\t\t<\/div>\n\t\t<\/section>\n\t\t\t\t<section class=\"elementor-section elementor-top-section elementor-element elementor-element-a9b1e66 elementor-section-boxed elementor-section-height-default elementor-section-height-default sc_fly_static\" data-id=\"a9b1e66\" data-element_type=\"section\">\n\t\t\t\t\t\t<div class=\"elementor-container elementor-column-gap-extended\">\n\t\t\t\t\t<div class=\"elementor-column elementor-col-100 elementor-top-column elementor-element elementor-element-3abf5d7 sc_content_align_inherit sc_layouts_column_icons_position_left sc_fly_static\" data-id=\"3abf5d7\" data-element_type=\"column\">\n\t\t\t<div class=\"elementor-widget-wrap elementor-element-populated\">\n\t\t\t\t\t\t<div class=\"elementor-element elementor-element-29b3bad sc_fly_static elementor-widget elementor-widget-heading\" data-id=\"29b3bad\" data-element_type=\"widget\" data-widget_type=\"heading.default\">\n\t\t\t\t<div class=\"elementor-widget-container\">\n\t\t\t<h3 class=\"elementor-heading-title elementor-size-default\">What we offer<\/h3>\t\t<\/div>\n\t\t\t\t<\/div>\n\t\t\t\t<div class=\"elementor-element elementor-element-e303372 sc_fly_static elementor-widget elementor-widget-spacer\" data-id=\"e303372\" data-element_type=\"widget\" data-widget_type=\"spacer.default\">\n\t\t\t\t<div class=\"elementor-widget-container\">\n\t\t\t\t\t<div class=\"elementor-spacer\">\n\t\t\t<div class=\"elementor-spacer-inner\"><\/div>\n\t\t<\/div>\n\t\t\t\t<\/div>\n\t\t\t\t<\/div>\n\t\t\t\t<div data-parallax-params=\"{&quot;parallax&quot;:1,&quot;flow&quot;:&quot;default&quot;,&quot;crop&quot;:&quot;none&quot;,&quot;ease&quot;:&quot;power2&quot;,&quot;duration&quot;:1,&quot;delay&quot;:0,&quot;squeeze&quot;:1,&quot;text&quot;:&quot;block&quot;,&quot;text_separate&quot;:0,&quot;text_wrap&quot;:0,&quot;mouse&quot;:0,&quot;mouse_type&quot;:&quot;transform3d&quot;,&quot;mouse_tilt_amount&quot;:70,&quot;mouse_speed&quot;:10,&quot;mouse_z&quot;:&quot;&quot;,&quot;mouse_handler&quot;:&quot;row&quot;,&quot;range_start&quot;:0,&quot;range_end&quot;:40,&quot;sticky_offset&quot;:0,&quot;lag&quot;:0,&quot;x_start&quot;:0,&quot;x_start_unit&quot;:&quot;px&quot;,&quot;x_end&quot;:0,&quot;x_end_unit&quot;:&quot;px&quot;,&quot;y_start&quot;:0,&quot;y_start_unit&quot;:&quot;px&quot;,&quot;y_end&quot;:0,&quot;y_end_unit&quot;:&quot;px&quot;,&quot;scale_start&quot;:100,&quot;scale_end&quot;:100,&quot;rotate_start&quot;:0,&quot;rotate_end&quot;:0,&quot;opacity_start&quot;:1,&quot;opacity_end&quot;:1,&quot;crop_start&quot;:0,&quot;crop_end&quot;:100,&quot;range_start_tablet&quot;:0,&quot;range_end_tablet&quot;:40,&quot;sticky_offset_tablet&quot;:0,&quot;lag_tablet&quot;:0,&quot;x_start_tablet&quot;:0,&quot;x_start_tablet_unit&quot;:&quot;px&quot;,&quot;x_end_tablet&quot;:0,&quot;x_end_tablet_unit&quot;:&quot;px&quot;,&quot;y_start_tablet&quot;:0,&quot;y_start_tablet_unit&quot;:&quot;px&quot;,&quot;y_end_tablet&quot;:0,&quot;y_end_tablet_unit&quot;:&quot;px&quot;,&quot;scale_start_tablet&quot;:100,&quot;scale_end_tablet&quot;:100,&quot;rotate_start_tablet&quot;:0,&quot;rotate_end_tablet&quot;:0,&quot;opacity_start_tablet&quot;:1,&quot;opacity_end_tablet&quot;:1,&quot;crop_start_tablet&quot;:0,&quot;crop_end_tablet&quot;:100,&quot;range_start_mobile&quot;:0,&quot;range_end_mobile&quot;:40,&quot;sticky_offset_mobile&quot;:0,&quot;lag_mobile&quot;:0,&quot;x_start_mobile&quot;:0,&quot;x_start_mobile_unit&quot;:&quot;px&quot;,&quot;x_end_mobile&quot;:0,&quot;x_end_mobile_unit&quot;:&quot;px&quot;,&quot;y_start_mobile&quot;:0,&quot;y_start_mobile_unit&quot;:&quot;px&quot;,&quot;y_end_mobile&quot;:0,&quot;y_end_mobile_unit&quot;:&quot;px&quot;,&quot;scale_start_mobile&quot;:100,&quot;scale_end_mobile&quot;:100,&quot;rotate_start_mobile&quot;:0,&quot;rotate_end_mobile&quot;:0,&quot;opacity_start_mobile&quot;:1,&quot;opacity_end_mobile&quot;:1,&quot;crop_start_mobile&quot;:0,&quot;crop_end_mobile&quot;:100}\" class=\"elementor-element elementor-element-699e131 sc_parallax sc_fly_static sc_parallax_default elementor-widget elementor-widget-trx_sc_icons\" data-id=\"699e131\" data-element_type=\"widget\" data-widget_type=\"trx_sc_icons.default\">\n\t\t\t\t<div class=\"elementor-widget-container\">\n\t\t\t<div \tclass=\"sc_icons sc_icons_default sc_icons_size_medium sc_align_center\" ><div  class=\"sc_icons_slider sc_item_slider slider_swiper_outer slider_outer slider_outer_controls slider_outer_controls_bottom slider_outer_nopagination slider_outer_nocentered slider_outer_overflow_hidden slider_outer_multi\">\n\t<div  data-slides-per-view-breakpoints=\"{&quot;999999&quot;:&quot;4&quot;}\" data-slides-space-breakpoints=\"{&quot;999999&quot;:15}\" class=\"slider_container swiper-slider-container slider_swiper slider_noresize slider_controls slider_controls_bottom slider_nopagination slider_nocentered slider_overflow_hidden slider_multi\" data-slides-per-view=\"4\" data-slides-space=\"15\" data-effect=\"slide\" data-slides-min-width=\"250\" data-pagination=\"progressbar\" data-direction=\"horizontal\" data-mouse-wheel=\"0\" data-autoplay=\"1\" data-loop=\"1\" data-free-mode=\"0\" data-slides-centered=\"0\" data-slides-overflow=\"0\">\n\t\t<div class=\"slides slider-wrapper swiper-wrapper sc_item_columns_4\"><div class=\"slider-slide swiper-slide\"><div class=\"sc_icons_item with_more\"><div class=\"sc_icons_icon sc_icon_type_images\" ><img decoding=\"async\" class=\"sc_icon_as_image\" src=\"https:\/\/maclau.pt\/wp-content\/uploads\/2024\/10\/consulta_green.png\" alt=\"Icon\" width=\"128\" height=\"128\"><\/div><div class=\"sc_icons_item_details\"><h4 class=\"sc_icons_item_title\"><span>Consultancy and Project Management<\/span><\/h4><div class=\"sc_icons_item_description\"><span><p style=\"text-align: justify;\">Our team offers specialised advice, closely monitoring each project to ensure that the solutions implemented meet the specific needs of each client.<\/p><\/span><\/div><\/div><\/div><\/div><div class=\"slider-slide swiper-slide\"><div class=\"sc_icons_item with_more\"><div class=\"sc_icons_image\" ><img decoding=\"async\" src=\"\/\/maclau.pt\/wp-content\/uploads\/2024\/10\/chave_green.png\" alt=\"Icon\" width=\"128\" height=\"128\"><\/div><div class=\"sc_icons_item_details\"><h4 class=\"sc_icons_item_title\"><span>Turnkey Project<\/span><\/h4><div class=\"sc_icons_item_description\"><span><p style=\"text-align: justify;\">We create complete solutions for self-service and industrial laundries, from initial design to implementation and maintenance, ensuring that every detail is taken care of for efficient and optimised operation.<\/p><\/span><\/div><\/div><\/div><\/div><div class=\"slider-slide swiper-slide\"><div class=\"sc_icons_item with_more\"><div class=\"sc_icons_image\" ><img decoding=\"async\" src=\"\/\/maclau.pt\/wp-content\/uploads\/2024\/10\/robotica_green_corrected.png\" alt=\"Icon\" width=\"128\" height=\"128\"><\/div><div class=\"sc_icons_item_details\"><h4 class=\"sc_icons_item_title\"><span>Advanced Equipment<\/span><\/h4><div class=\"sc_icons_item_description\"><span><p style=\"text-align: justify;\">We work with the best brands, supplying a range of high-performance equipment such as washing machines, dryers, calenders, automatic folders and others.<\/p><\/span><\/div><\/div><\/div><\/div><div class=\"slider-slide swiper-slide\"><div class=\"sc_icons_item with_more\"><div class=\"sc_icons_image\" ><img loading=\"lazy\" decoding=\"async\" src=\"\/\/maclau.pt\/wp-content\/uploads\/2024\/10\/broto_green.png\" alt=\"Icon\" width=\"128\" height=\"128\"><\/div><div class=\"sc_icons_item_details\"><h4 class=\"sc_icons_item_title\"><span>Sustainability Solutions<\/span><\/h4><div class=\"sc_icons_item_description\"><span><p style=\"text-align: justify;\">Our machines are equipped with state-of-the-art technologies that save up to 50 per cent on water, energy and chemicals, helping our customers to operate more ecologically and efficiently.<\/p><\/span><\/div><\/div><\/div><\/div><div class=\"slider-slide swiper-slide\"><div class=\"sc_icons_item with_more\"><div class=\"sc_icons_image\" ><img loading=\"lazy\" decoding=\"async\" src=\"\/\/maclau.pt\/wp-content\/uploads\/2024\/10\/manutencao_green.png\" alt=\"Icon\" width=\"128\" height=\"128\"><\/div><div class=\"sc_icons_item_details\"><h4 class=\"sc_icons_item_title\"><span>Implementation<\/span><\/h4><div class=\"sc_icons_item_description\"><span><p style=\"text-align: justify;\">Our team of specialised technicians ensures that each machine is installed correctly, respecting all safety and efficiency standards. <\/p><\/span><\/div><\/div><\/div><\/div><div class=\"slider-slide swiper-slide\"><div class=\"sc_icons_item with_more\"><div class=\"sc_icons_image\" ><img loading=\"lazy\" decoding=\"async\" src=\"\/\/maclau.pt\/wp-content\/uploads\/2024\/10\/manutencao_gr.png\" alt=\"Icon\" width=\"128\" height=\"128\"><\/div><div class=\"sc_icons_item_details\"><h4 class=\"sc_icons_item_title\"><span>Maintenance<\/span><\/h4><div class=\"sc_icons_item_description\"><span><p style=\"text-align: justify;\">At Maclau, we offer a range of preventive and corrective maintenance services, as well as specialised technical support and fast, efficient service.<\/p><\/span><\/div><\/div><\/div><\/div><div class=\"slider-slide swiper-slide\"><div class=\"sc_icons_item with_more\"><div class=\"sc_icons_image\" ><img loading=\"lazy\" decoding=\"async\" src=\"\/\/maclau.pt\/wp-content\/uploads\/2024\/10\/treinamento_green.png\" alt=\"Icon\" width=\"128\" height=\"128\"><\/div><div class=\"sc_icons_item_details\"><h4 class=\"sc_icons_item_title\"><span>Training<\/span><\/h4><div class=\"sc_icons_item_description\"><span><p style=\"text-align: justify;\">We offer comprehensive training programmes to ensure that your team is fully prepared to operate Maclau equipment with constant monitoring and support.<\/p><\/span><\/div><\/div><\/div><\/div><\/div><\/div><div class=\"slider_controls_wrap\"><a class=\"slider_prev swiper-button-prev\" href=\"#\"><\/a><a class=\"slider_next swiper-button-next\" href=\"#\"><\/a><\/div><\/div><\/div><!-- \/.sc_icons -->\t\t<\/div>\n\t\t\t\t<\/div>\n\t\t\t\t<div class=\"elementor-element elementor-element-8c47fc2 sc_fly_static elementor-widget elementor-widget-spacer\" data-id=\"8c47fc2\" data-element_type=\"widget\" data-widget_type=\"spacer.default\">\n\t\t\t\t<div class=\"elementor-widget-container\">\n\t\t\t\t\t<div class=\"elementor-spacer\">\n\t\t\t<div class=\"elementor-spacer-inner\"><\/div>\n\t\t<\/div>\n\t\t\t\t<\/div>\n\t\t\t\t<\/div>\n\t\t\t\t\t<\/div>\n\t\t<\/div>\n\t\t\t\t\t<\/div>\n\t\t<\/section>\n\t\t\t\t<\/div>","protected":false},"excerpt":{"rendered":"<p>O que oferecemos Consultoria e Gest\u00e3o de Projetos A nossa equipa oferece consultoria especializada, acompanhando cada projeto de perto para garantir que as solu\u00e7\u00f5es implementadas atendam \u00e0s necessidades espec\u00edficas de&hellip;<\/p>","protected":false},"author":4,"featured_media":0,"parent":0,"menu_order":0,"comment_status":"closed","ping_status":"closed","template":"","meta":{"ub_ctt_via":"","_themeisle_gutenberg_block_has_review":false,"footnotes":""},"featured_image_src":null,"_links":{"self":[{"href":"https:\/\/maclau.pt\/en\/wp-json\/wp\/v2\/pages\/1492"}],"collection":[{"href":"https:\/\/maclau.pt\/en\/wp-json\/wp\/v2\/pages"}],"about":[{"href":"https:\/\/maclau.pt\/en\/wp-json\/wp\/v2\/types\/page"}],"author":[{"embeddable":true,"href":"https:\/\/maclau.pt\/en\/wp-json\/wp\/v2\/users\/4"}],"replies":[{"embeddable":true,"href":"https:\/\/maclau.pt\/en\/wp-json\/wp\/v2\/comments?post=1492"}],"version-history":[{"count":193,"href":"https:\/\/maclau.pt\/en\/wp-json\/wp\/v2\/pages\/1492\/revisions"}],"predecessor-version":[{"id":7295,"href":"https:\/\/maclau.pt\/en\/wp-json\/wp\/v2\/pages\/1492\/revisions\/7295"}],"wp:attachment":[{"href":"https:\/\/maclau.pt\/en\/wp-json\/wp\/v2\/media?parent=1492"}],"curies":[{"name":"wp","href":"https:\/\/api.w.org\/{rel}","templated":true}]}}